{"id":107,"date":"2025-03-05T10:53:43","date_gmt":"2025-03-05T13:53:43","guid":{"rendered":"http:\/\/localhost\/wordpress\/?page_id=107"},"modified":"2025-03-05T10:53:43","modified_gmt":"2025-03-05T13:53:43","slug":"107-2","status":"publish","type":"page","link":"https:\/\/archivorec.ar\/?page_id=107","title":{"rendered":""},"content":{"rendered":"\n<p>Ops, este es vergonzoso. No se proporcion\u00f3 un ID de una n\u00famero o \u00edtem v\u00e1lido. Recargue la p\u00e1gina o vuelva a intentarlo m\u00e1s tarde.<\/p>\n","protected":false},"excerpt":{"rendered":"","protected":false},"author":1,"featured_media":0,"parent":0,"menu_order":0,"comment_status":"closed","ping_status":"closed","template":"","meta":{"footnotes":""},"class_list":["post-107","page","type-page","status-publish","hentry"],"_links":{"self":[{"href":"https:\/\/archivorec.ar\/index.php?rest_route=\/wp\/v2\/pages\/107","targetHints":{"allow":["GET"]}}],"collection":[{"href":"https:\/\/archivorec.ar\/index.php?rest_route=\/wp\/v2\/pages"}],"about":[{"href":"https:\/\/archivorec.ar\/index.php?rest_route=\/wp\/v2\/types\/page"}],"author":[{"embeddable":true,"href":"https:\/\/archivorec.ar\/index.php?rest_route=\/wp\/v2\/users\/1"}],"replies":[{"embeddable":true,"href":"https:\/\/archivorec.ar\/index.php?rest_route=%2Fwp%2Fv2%2Fcomments&post=107"}],"version-history":[{"count":0,"href":"https:\/\/archivorec.ar\/index.php?rest_route=\/wp\/v2\/pages\/107\/revisions"}],"wp:attachment":[{"href":"https:\/\/archivorec.ar\/index.php?rest_route=%2Fwp%2Fv2%2Fmedia&parent=107"}],"curies":[{"name":"wp","href":"https:\/\/api.w.org\/{rel}","templated":true}]}}