{"id":145,"date":"2025-02-26T14:27:48","date_gmt":"2025-02-26T17:27:48","guid":{"rendered":"http:\/\/localhost\/wordpress\/?page_id=26"},"modified":"2025-05-13T05:04:13","modified_gmt":"2025-05-13T05:04:13","slug":"contacto","status":"publish","type":"page","link":"https:\/\/archivorec.ar\/?page_id=145","title":{"rendered":"Contacto"},"content":{"rendered":"\n<p>Quedamos a disposici\u00f3n para cualquier tipo de comentario, cr\u00edtica o consulta que pueda surgir respecto del funcionamiento del sitio, o de las colecciones de revistas recuperadas. Nos referimos, entre otras cuestiones, a <strong>sugerencias para mejorar la navegaci\u00f3n y visualizaci\u00f3n del sitio<\/strong>; <strong>errores conceptuales\/erratas que haya que subsanar<\/strong>; <strong>actores o proyectos citados que no est\u00e9n de acuerdo con la publicaci\u00f3n de contenidos espec\u00edficos<\/strong>; <strong>propuestas de inclusi\u00f3n de estudios cr\u00edticos, trabajos te\u00f3ricos, notas de prensa u otros documentos vinculados a estos objetos<\/strong>. Ofrecemos este canal de comunicaci\u00f3n como testeo de la experiencia de consulta y, sobre todo, como espacio de di\u00e1logo con el equipo de trabajo.<\/p>\n\n\n\n<div style=\"height:40px\" aria-hidden=\"true\" class=\"wp-block-spacer\"><\/div>\n\n\n\n<h3 class=\"wp-block-heading\">Convocatoria abierta permanente<\/h3>\n\n\n\n<p>Para seguir desarrollando el <strong>ReC<\/strong> se necesita colaboraci\u00f3n. Un proyecto de esta naturaleza no se puede llevar adelante sin la participaci\u00f3n de todos lxs actorxs de los campos literario, art\u00edstico, intelectual, period\u00edstico, acad\u00e9mico, cient\u00edfico. No concebimos otro modo de trabajo que no sea el asociativo y colaborativo. De modo que esperamos con entusiasmo posibles aportes de quienes tengan colecciones de revistas o documentos subsidiarios pasibles de ser incorporados al Archivo. No es f\u00e1cil completar colecciones: rige en esto el trillado \u201ccasa de herrero, cuchillo de palo\u201d, sobre todo para las revistas m\u00e1s antiguas y quiz\u00e1s desatendidas. La experiencia muestra que los ejemplares aparecen en bibliotecas, hemerotecas y otros organismos, pero sobre todo en colecciones privadas.<\/p>\n\n\n\n<p>Esperamos el contacto de aquellos interesados que posean material valioso para el espacio.<\/p>\n\n\n\n<div style=\"height:50px\" aria-hidden=\"true\" class=\"wp-block-spacer\"><\/div>\n\n\n\n<h3 class=\"wp-block-heading\">Formulario de contacto<\/h3>\n\n\n\n<div class=\"wp-block-columns is-layout-flex wp-container-core-columns-is-layout-9d6595d7 wp-block-columns-is-layout-flex\">\n<div class=\"wp-block-column is-layout-flow wp-block-column-is-layout-flow\">\n<div class=\"wpcf7 no-js\" id=\"wpcf7-f220-o1\" lang=\"es-AR\" dir=\"ltr\" data-wpcf7-id=\"220\">\n<div class=\"screen-reader-response\"><p role=\"status\" aria-live=\"polite\" aria-atomic=\"true\"><\/p> <ul><\/ul><\/div>\n<form action=\"\/index.php?rest_route=%2Fwp%2Fv2%2Fpages%2F145#wpcf7-f220-o1\" method=\"post\" class=\"wpcf7-form init\" aria-label=\"Formulario de contacto\" novalidate=\"novalidate\" data-status=\"init\">\n<fieldset class=\"hidden-fields-container\"><input type=\"hidden\" name=\"_wpcf7\" value=\"220\" \/><input type=\"hidden\" name=\"_wpcf7_version\" value=\"6.1.5\" \/><input type=\"hidden\" name=\"_wpcf7_locale\" value=\"es_AR\" \/><input type=\"hidden\" name=\"_wpcf7_unit_tag\" value=\"wpcf7-f220-o1\" \/><input type=\"hidden\" name=\"_wpcf7_container_post\" value=\"0\" \/><input type=\"hidden\" name=\"_wpcf7_posted_data_hash\" value=\"\" \/>\n<\/fieldset>\n<p><label> Tu nombre<br \/>\n<span class=\"wpcf7-form-control-wrap\" data-name=\"your-name\"><input size=\"40\" maxlength=\"400\" class=\"wpcf7-form-control wpcf7-text wpcf7-validates-as-required\" autocomplete=\"name\" aria-required=\"true\" aria-invalid=\"false\" value=\"\" type=\"text\" name=\"your-name\" \/><\/span> <\/label><br \/>\n<label> Tu correo electr\u00f3nico<br \/>\n<span class=\"wpcf7-form-control-wrap\" data-name=\"your-email\"><input size=\"40\" maxlength=\"400\" class=\"wpcf7-form-control wpcf7-email wpcf7-validates-as-required wpcf7-text wpcf7-validates-as-email\" autocomplete=\"email\" aria-required=\"true\" aria-invalid=\"false\" value=\"\" type=\"email\" name=\"your-email\" \/><\/span> <\/label><br \/>\n<label> Asunto<br \/>\n<span class=\"wpcf7-form-control-wrap\" data-name=\"your-subject\"><input size=\"40\" maxlength=\"400\" class=\"wpcf7-form-control wpcf7-text wpcf7-validates-as-required\" aria-required=\"true\" aria-invalid=\"false\" value=\"\" type=\"text\" name=\"your-subject\" \/><\/span> <\/label><br \/>\n<label> Tu mensaje (opcional)<br \/>\n<span class=\"wpcf7-form-control-wrap\" data-name=\"your-message\"><textarea cols=\"40\" rows=\"10\" maxlength=\"2000\" class=\"wpcf7-form-control wpcf7-textarea\" aria-invalid=\"false\" name=\"your-message\"><\/textarea><\/span> <\/label><br \/>\n<input class=\"wpcf7-form-control wpcf7-submit has-spinner\" type=\"submit\" value=\"Enviar\" \/>\n<\/p><div class=\"wpcf7-response-output\" aria-hidden=\"true\"><\/div>\n<\/form>\n<\/div>\n\n<\/div>\n\n\n\n<div class=\"wp-block-column is-layout-flow wp-block-column-is-layout-flow\" style=\"flex-basis:15%\"><\/div>\n<\/div>\n\n\n\n<p><\/p>\n","protected":false},"excerpt":{"rendered":"<p>Quedamos a disposici\u00f3n para cualquier tipo de comentario, cr\u00edtica o consulta que pueda surgir respecto del funcionamiento del sitio, o de las colecciones de revistas recuperadas. Nos referimos, entre otras cuestiones, a sugerencias para mejorar la navegaci\u00f3n y visualizaci\u00f3n del<\/p>\n","protected":false},"author":1,"featured_media":0,"parent":0,"menu_order":0,"comment_status":"closed","ping_status":"closed","template":"","meta":{"footnotes":""},"class_list":["post-145","page","type-page","status-publish","hentry"],"_links":{"self":[{"href":"https:\/\/archivorec.ar\/index.php?rest_route=\/wp\/v2\/pages\/145","targetHints":{"allow":["GET"]}}],"collection":[{"href":"https:\/\/archivorec.ar\/index.php?rest_route=\/wp\/v2\/pages"}],"about":[{"href":"https:\/\/archivorec.ar\/index.php?rest_route=\/wp\/v2\/types\/page"}],"author":[{"embeddable":true,"href":"https:\/\/archivorec.ar\/index.php?rest_route=\/wp\/v2\/users\/1"}],"replies":[{"embeddable":true,"href":"https:\/\/archivorec.ar\/index.php?rest_route=%2Fwp%2Fv2%2Fcomments&post=145"}],"version-history":[{"count":21,"href":"https:\/\/archivorec.ar\/index.php?rest_route=\/wp\/v2\/pages\/145\/revisions"}],"predecessor-version":[{"id":363,"href":"https:\/\/archivorec.ar\/index.php?rest_route=\/wp\/v2\/pages\/145\/revisions\/363"}],"wp:attachment":[{"href":"https:\/\/archivorec.ar\/index.php?rest_route=%2Fwp%2Fv2%2Fmedia&parent=145"}],"curies":[{"name":"wp","href":"https:\/\/api.w.org\/{rel}","templated":true}]}}