{"id":18,"date":"2025-02-26T14:25:43","date_gmt":"2025-02-26T17:25:43","guid":{"rendered":"http:\/\/localhost\/wordpress\/?page_id=18"},"modified":"2025-06-23T15:39:51","modified_gmt":"2025-06-23T18:39:51","slug":"proyecto","status":"publish","type":"page","link":"https:\/\/archivorec.ar\/?page_id=18","title":{"rendered":"El proyecto"},"content":{"rendered":"\n<p><mark style=\"background-color:rgba(0, 0, 0, 0)\" class=\"has-inline-color has-black-color\">El&nbsp;<\/mark><strong><mark style=\"background-color:rgba(0, 0, 0, 0)\" class=\"has-inline-color has-black-color\">Archivo de Revistas Culturales de C\u00f3rdoba<\/mark>&nbsp;<\/strong>tiene como objetivo central la recuperaci\u00f3n, clasificaci\u00f3n, domiciliaci\u00f3n digital y estudio cr\u00edtico de las publicaciones peri\u00f3dicas de la provincia dedicadas a la cultura, la literatura, la pol\u00edtica, las artes y la producci\u00f3n intelectual en sus distintas manifestaciones. Participamos en el proyecto investigadorxs y especialistas de universidades y organismos p\u00fablicos y privados con el deseo de recuperar, desde distintas disciplinas, colecciones invisibilizadas o desatendidas, sistematizarlas (ofrecemos la posibilidad de acceder a las revistas de diversos modos, como se puede ver en el buscador) y disponerlas para su consulta, junto con otros documentos subsidiarios o complementarios, muchas veces desconocidos, que tambi\u00e9n otorgan valor a la reconstrucci\u00f3n de cada dispositivo editorial.<\/p>\n\n\n\n<p>En el marco de un patrimonio de enorme tradici\u00f3n en el campo intelectual de la regi\u00f3n y del pa\u00eds, este espacio aborda el v\u00ednculo inescindible entre la gesti\u00f3n documental y las relaciones que se entablan con la historia, la pol\u00edtica y las sociedades e instituciones en las que se despliegan los fen\u00f3menos culturales. Nuestra intenci\u00f3n, a partir de estas bases, es dar mayor sustento a la preservaci\u00f3n del patrimonio cultural de la provincia.<\/p>\n\n\n\n<p>A su vez, desde el&nbsp;<strong><mark style=\"background-color:rgba(0, 0, 0, 0)\" class=\"has-inline-color has-black-color\">ReC<\/mark><\/strong>&nbsp;buscamos ampliar el desarrollo archiv\u00edstico que vienen realizando instituciones y equipos de investigaci\u00f3n a nivel nacional en torno a la generaci\u00f3n de archivos digitales, como los casos de la Biblioteca Nacional Mariano Moreno, el Archivo Hist\u00f3rico de Revistas Argentinas o el portal Am\u00e9ricaLee del CEDINCI. La singularidad de este proyecto es que se circunscribe al territorio provincial, y que pone el foco en la recuperaci\u00f3n de revistas (algunas paradigm\u00e1ticas) editadas en los polos urbanos m\u00e1s importantes: C\u00f3rdoba Capital, R\u00edo Cuarto, Villa Mar\u00eda, San Francisco, Villa Dolores, y otras localidades m\u00e1s peque\u00f1as como Unquillo, Villa del Totoral o Cruz del Eje.<\/p>\n\n\n\n<p>La decisi\u00f3n de utilizar la sigla <strong><mark style=\"background-color:rgba(0, 0, 0, 0)\" class=\"has-inline-color has-black-color\">ReC<\/mark><\/strong> no remite s\u00f3lo a la asociaci\u00f3n con el sintagma \u201cRevistas de C\u00f3rdoba\u201d.&nbsp;Una de las premisas que planteamos es la revitalizaci\u00f3n de testimonios y experiencias en torno a la historia de la producci\u00f3n revisteril en la provincia, que no puede desligarse del patrimonio cultural en sentido amplio y que, a su vez, presenta problemas espec\u00edficos para nuestro contexto de trabajo. Nos preguntamos, por ejemplo, c\u00f3mo pensar y estudiar las revistas culturales de C\u00f3rdoba partiendo de la ausencia de un \u201ccampo revisteril\u201d (esto es, la dificultad de reconocer, en los polos mencionados, salvo episodios excepcionales, articulaciones hist\u00f3ricas entre grupos y proyectos, o espacios de debate organizados a trav\u00e9s de las revistas); c\u00f3mo abordar las distintas colecciones en medio de ese silencio de luchas hist\u00f3ricas, contando apenas con el reconocimiento de algunas <em>zonas de densidad anal\u00edtica <\/em>(Pati\u00f1o dixit). Por lo pronto, pretendemos (como primera reacci\u00f3n metodol\u00f3gica) dar cuenta de la importancia del registro testimonial dentro del trabajo cr\u00edtico, raz\u00f3n por la cual, cada vez que se digitaliza una revista, tambi\u00e9n se entrevista (dentro de las posibilidades) a quienes la llevaban adelante, con la esperanza de que tal aporte permita contextualizar cada recorrido y, eventualmente, ensayar posibles reconstrucciones de \u00e9poca.<\/p>\n\n\n\n<p>En ese sentido, vale la pena mencionar c\u00f3mo se elaboran las presentaciones de las revistas, a modo de breve orientaci\u00f3n de lectura. Los textos que dan cuenta de cada t\u00edtulo son producto de la combinaci\u00f3n de datos recabados de estudios precedentes, notas de campo surgidas del relevamiento documental, y sobre todo testimonios de los responsables y participantes entrevistados. En algunos casos, esos testimonios son tan ricos que permiten ampliar la informaci\u00f3n en documentos m\u00e1s extensos (ver la secci\u00f3n de \u201cEntrevistas a responsables\u201d).<\/p>\n\n\n\n<p>En simult\u00e1neo, desde la materialidad de los soportes, buscamos que la naturalizaci\u00f3n de los cambios t\u00e9cnicos no obture las diferencias entre objetos f\u00edsicos y digitales. Una cosa son las revistas en papel, otra distinta es el producto de la digitalizaci\u00f3n, que por su ubicuidad propicia acceso inmediato y deslocalizado pero no se corresponde en esencia con el documento original. Creemos que el valor de los soportes se expande en la complementariedad, no en la exclusividad. Esta es la raz\u00f3n por la que se incluyen videos, en la secci\u00f3n \u201cMaterialidades\u201d, que permiten \u201cver\u201d (al menos, porque no se pueden tocar) los ejemplares f\u00edsicos.<\/p>\n\n\n\n<p>El <strong><mark style=\"background-color:rgba(0, 0, 0, 0)\" class=\"has-inline-color has-black-color\">ReC<\/mark><\/strong>, entonces, como espacio siempre en proceso (advertir\u00e1n que no esperamos a completar una colecci\u00f3n para ponerla a disposici\u00f3n del p\u00fablico; priorizamos lo recuperado e incorporamos n\u00fameros faltantes a medida que van &#8220;apareciendo&#8221;), re\u00fane revistas impresas y nacidas digitales que no est\u00e1n activas o que han quedado a oscuras, tanto sus ejemplares como los testimonios que dieron cuenta de sus trayectorias, de los di\u00e1logos y discusiones que intentaron establecer, de las motivaciones y fricciones que las marcaron. La intenci\u00f3n, en definitiva, es recuperar el \u201cplay\/rec\u201d de las viejas grabadoras para (re)conocer estos documentos en medio de la vor\u00e1gine digital, con una salvedad propia de nuestra apasionada y autodidacta formaci\u00f3n archiv\u00edstica: esta es s\u00f3lo una versi\u00f3n posible de archivo, una propuesta de abordaje de los materiales. Aspiramos a que puedan surgir otras a partir de este espacio, como si se tratara del reinicio de una conversaci\u00f3n pendiente.<\/p>\n\n\n\n<p class=\"has-text-align-right\"><strong>Diego Vigna<\/strong> <br><em>Director<\/em><\/p>\n\n\n\n<div style=\"height:81px\" aria-hidden=\"true\" class=\"wp-block-spacer\"><\/div>\n\n\n\n<p>Si el libro sigue siendo el fruto de la decantaci\u00f3n de un proceso intelectual y creativo cuya morosidad a\u00fan los m\u00e1s cercanos al mercado no se atreven a desafiar en sus extremos, la revista \u2013por el contrario\u2013 en su impl\u00edcita conciencia de fugacidad, nos acerca m\u00e1s a la b\u00fasqueda de los impulsos de un cambio cultural, a su voluntad de un futuro a todas luces inminente y a un presente que deja de serlo por imperio de una escritura que sentencia su agotamiento. No hay modo de indagar un imaginario cultural moderno sin recurrir a esas &#8220;antenas&#8221; de lo nuevo. Y, parad\u00f3jicamente, lo que denuncia esa pulsi\u00f3n al futuro es, al mismo tiempo, lo que evidencia \u2013cuando no se toca eficazmente el aire de los tiempos\u2013 su irreductible vetustez, su condena al inmediato olvido. Pero cuando ese &#8220;toque de reuni\u00f3n&#8221; se produce es porque la revista ha dado con el nervio de una \u00e9poca. Abrir esas p\u00e1ginas es la mejor manera de entrar en ella.<\/p>\n\n\n\n<p>El <strong><mark style=\"background-color:rgba(0, 0, 0, 0)\" class=\"has-inline-color has-black-color\">ReC<\/mark><\/strong> es, sin duda, una gran apertura a esas p\u00e1ginas que entraman la cultura de la provincia de C\u00f3rdoba. Un tejido que un trabajo colectivo de investigadores viene hilando desde hace tiempo y se concreta en este archivo para que quede abierto a todos los que quieran nutrirlo y compartirlo.<\/p>\n\n\n\n<p class=\"has-text-align-right\"><strong>Roxana Pati\u00f1o<\/strong> <br><em>Directora Honoraria<\/em><\/p>\n\n\n\n<div style=\"height:60px\" aria-hidden=\"true\" class=\"wp-block-spacer\"><\/div>\n\n\n<div class=\"wp-block-image\">\n<figure class=\"aligncenter size-large\"><img loading=\"lazy\" decoding=\"async\" width=\"1024\" height=\"16\" src=\"https:\/\/archivorec.ar\/wp-content\/uploads\/2025\/06\/Filete-nuevo-version-2-4-1024x16.png\" alt=\"\" class=\"wp-image-422\" srcset=\"https:\/\/archivorec.ar\/wp-content\/uploads\/2025\/06\/Filete-nuevo-version-2-4-1024x16.png 1024w, https:\/\/archivorec.ar\/wp-content\/uploads\/2025\/06\/Filete-nuevo-version-2-4-300x5.png 300w, https:\/\/archivorec.ar\/wp-content\/uploads\/2025\/06\/Filete-nuevo-version-2-4-768x12.png 768w, https:\/\/archivorec.ar\/wp-content\/uploads\/2025\/06\/Filete-nuevo-version-2-4.png 1200w\" sizes=\"auto, (max-width: 1024px) 100vw, 1024px\" \/><\/figure>\n<\/div>\n\n\n<div style=\"height:57px\" aria-hidden=\"true\" class=\"wp-block-spacer\"><\/div>\n\n\n\n<h1 class=\"wp-block-heading has-large-font-size\">Pertenencia institucional<\/h1>\n\n\n\n<p>El <strong><mark style=\"background-color:rgba(0, 0, 0, 0)\" class=\"has-inline-color has-black-color\">ReC<\/mark><\/strong> se inscribe en dos organismos asociados: el Centro de Estudios Avanzados (Facultad de Ciencias Sociales, Universidad Nacional de C\u00f3rdoba) y el Centro de Investigaciones y Estudios sobre Cultura y Sociedad (CONICET \u2013Facultad de Ciencias Sociales, Universidad Nacional de C\u00f3rdoba).<\/p>\n\n\n\n<p>Asimismo, el equipo re\u00fane investigadores y especialistas de distintas disciplinas y pertenencias: Universidad Nacional de C\u00f3rdoba, Universidad Nacional de Villa Mar\u00eda, Universidad Nacional de R\u00edo Cuarto, Universidad de Montreal (Canad\u00e1), Universidad de Ciencias Empresariales y Sociales, Universidad Blas Pascal.<\/p>\n\n\n\n<p>El proyecto recibi\u00f3 avales y subsidios de la Agencia I+d+i, a trav\u00e9s de las convocatorias PICT Investigador Inicial 2019 y PICT Grupo de Reciente Formaci\u00f3n 2022 (esta \u00faltima suspendida y nunca efectivizada por el Poder Ejecutivo Nacional); el Consejo Nacional de Investigaciones Cient\u00edficas y T\u00e9cnicas (CONICET), y la Secretar\u00eda de Ciencia y T\u00e9cnica de la Universidad Nacional de C\u00f3rdoba (Argentina).<\/p>\n\n\n\n<div style=\"height:70px\" aria-hidden=\"true\" class=\"wp-block-spacer\"><\/div>\n\n\n\n<h1 class=\"wp-block-heading has-large-font-size\">Instituciones asociadas en la cesi\u00f3n y digitalizaci\u00f3n de materiales<\/h1>\n\n\n\n<p>Biblioteca Municipal y Popular Mariano Moreno (Villa Mar\u00eda) [<a href=\"http:\/\/bmm.villamaria.gob.ar\/pergamo\/opac.php\">Contacto<\/a>]<\/p>\n\n\n\n<p>Archivo Hist\u00f3rico Municipal de R\u00edo Cuarto [<a href=\"https:\/\/linktr.ee\/ahm.rio4.mayol.laferrere?fbclid=PAZXh0bgNhZW0CMTEAAaecrlPpGcGh4KoZWogc5NyEWfRjyXoOpnDHs1BQ7tt-ih8ULEfZ8E92cIu5FA_aem_ra3DODwamzX8NrTzQOs6Gg\">Contacto<\/a>]<\/p>\n\n\n\n<p>Biblioteca Jos\u00e9 Mar\u00eda Aric\u00f3 (Universidad Nacional de C\u00f3rdoba) [<a href=\"https:\/\/arico.unc.edu.ar\">Contacto<\/a>]<\/p>\n\n\n\n<p>Biblioteca Elma K. de Estrabou (Facultad de Filosof\u00eda y Humanidades, Universidad Nacional de C\u00f3rdoba) [<a href=\"https:\/\/ffyh.unc.edu.ar\/biblioteca\/\">Contacto<\/a>]<\/p>\n\n\n\n<p>Biblioteca Nacional Mariano Moreno (Sede Juan Filloy, C\u00f3rdoba) [<a href=\"https:\/\/www.instagram.com\/bnsedejuanfilloy\/\">Contacto<\/a>]<\/p>\n\n\n\n<p><\/p>\n","protected":false},"excerpt":{"rendered":"<p>El&nbsp;Archivo de Revistas Culturales de C\u00f3rdoba&nbsp;tiene como objetivo central la recuperaci\u00f3n, clasificaci\u00f3n, domiciliaci\u00f3n digital y estudio cr\u00edtico de las publicaciones peri\u00f3dicas de la provincia dedicadas a la cultura, la literatura, la pol\u00edtica, las artes y la producci\u00f3n intelectual en sus<\/p>\n","protected":false},"author":1,"featured_media":0,"parent":0,"menu_order":0,"comment_status":"closed","ping_status":"closed","template":"","meta":{"footnotes":""},"class_list":["post-18","page","type-page","status-publish","hentry"],"_links":{"self":[{"href":"https:\/\/archivorec.ar\/index.php?rest_route=\/wp\/v2\/pages\/18","targetHints":{"allow":["GET"]}}],"collection":[{"href":"https:\/\/archivorec.ar\/index.php?rest_route=\/wp\/v2\/pages"}],"about":[{"href":"https:\/\/archivorec.ar\/index.php?rest_route=\/wp\/v2\/types\/page"}],"author":[{"embeddable":true,"href":"https:\/\/archivorec.ar\/index.php?rest_route=\/wp\/v2\/users\/1"}],"replies":[{"embeddable":true,"href":"https:\/\/archivorec.ar\/index.php?rest_route=%2Fwp%2Fv2%2Fcomments&post=18"}],"version-history":[{"count":22,"href":"https:\/\/archivorec.ar\/index.php?rest_route=\/wp\/v2\/pages\/18\/revisions"}],"predecessor-version":[{"id":430,"href":"https:\/\/archivorec.ar\/index.php?rest_route=\/wp\/v2\/pages\/18\/revisions\/430"}],"wp:attachment":[{"href":"https:\/\/archivorec.ar\/index.php?rest_route=%2Fwp%2Fv2%2Fmedia&parent=18"}],"curies":[{"name":"wp","href":"https:\/\/api.w.org\/{rel}","templated":true}]}}