{"id":20,"date":"2025-02-26T14:26:27","date_gmt":"2025-02-26T17:26:27","guid":{"rendered":"http:\/\/localhost\/wordpress\/?page_id=20"},"modified":"2026-03-27T10:06:23","modified_gmt":"2026-03-27T13:06:23","slug":"equipo","status":"publish","type":"page","link":"https:\/\/archivorec.ar\/?page_id=20","title":{"rendered":"El equipo"},"content":{"rendered":"\n<div style=\"height:45px\" aria-hidden=\"true\" class=\"wp-block-spacer\"><\/div>\n\n\n\n<div class=\"wp-block-columns is-layout-flex wp-container-core-columns-is-layout-9d6595d7 wp-block-columns-is-layout-flex\">\n<div class=\"wp-block-column is-layout-flow wp-block-column-is-layout-flow\">\n<p><strong>Director<\/strong><\/p>\n\n\n\n<p class=\"has-black-color has-text-color has-link-color wp-elements-3f603f0af3c94df7b0fa7ecf64df8de6\">Diego Vigna<br><em>CONICET \/ Universidad Nacional de C\u00f3rdoba<br>Doctor en Estudios Sociales de Am\u00e9rica Latina<\/em><\/p>\n<\/div>\n<\/div>\n\n\n\n<div style=\"height:45px\" aria-hidden=\"true\" class=\"wp-block-spacer\"><\/div>\n\n\n\n<p><strong>Directora Honoraria<\/strong><\/p>\n\n\n\n<p class=\"has-black-color has-text-color has-link-color wp-elements-97366de82ed9d7ab78e0ef7ed5aca7c5\">Roxana Pati\u00f1o<br><em>Profesora Em\u00e9rita de la Universidad Nacional de C\u00f3rdoba<br>Doctora en Literaturas Latinoamericanas<\/em><\/p>\n\n\n\n<div style=\"height:46px\" aria-hidden=\"true\" class=\"wp-block-spacer\"><\/div>\n\n\n\n<p><strong>Coordinador<\/strong><\/p>\n\n\n\n<p><mark style=\"background-color:rgba(0, 0, 0, 0)\" class=\"has-inline-color has-black-color\">Baal Delupi<br><em>CONICET \/ Universidad Nacional de C\u00f3rdoba \/ Universidad Provincial de C\u00f3rdoba<br>Doctor en Semi\u00f3tica<\/em><\/mark><\/p>\n\n\n\n<div style=\"height:45px\" aria-hidden=\"true\" class=\"wp-block-spacer\"><\/div>\n\n\n\n<div class=\"wp-block-columns is-layout-flex wp-container-core-columns-is-layout-9d6595d7 wp-block-columns-is-layout-flex\">\n<div class=\"wp-block-column is-layout-flow wp-block-column-is-layout-flow\">\n<p><strong>Equipo de trabajo<\/strong><\/p>\n\n\n\n<p class=\"has-black-color has-text-color has-link-color wp-elements-0d2102721d3a0f3ddb90cd6a75b3cbbe\">Silvina Mercadal<br><em>Universidad Nacional de Villa Mar\u00eda \/ Universidad Nacional de C\u00f3rdoba<br>Doctora en Comunicaci\u00f3n Social<\/em><\/p>\n\n\n\n<p class=\"has-black-color has-text-color has-link-color wp-elements-f37113c0c7de7639697c6b4b1d9d3388\">Gabriel Montali<br><em>Universidad Nacional de Villa Mar\u00eda \/ Universidad Blas Pascal<br>Doctor en Estudios Sociales de Am\u00e9rica Latina<\/em><\/p>\n\n\n\n<p class=\"has-black-color has-text-color has-link-color wp-elements-08ffc7665b8ca57935dcf03855df8c32\">Ver\u00f3nica Lencinas<br><em>Universidad Nacional de C\u00f3rdoba<br>Bibliotec\u00f3loga especializada en infraestructuras documentales<\/em><\/p>\n\n\n\n<p class=\"has-black-color has-text-color has-link-color wp-elements-ab4a9c3f5ffb91d52a5f48886a4bdd48\">Lucas Aimar<br><em>Universidad Nacional de Villa Mar\u00eda \/ Universidad de Ciencias Empresariales y Sociales<br>Licenciado en Sociolog\u00eda<\/em><\/p>\n\n\n\n<p class=\"has-black-color has-text-color has-link-color wp-elements-d184eace4280e20b30b8798c71639f45\">Marcelo Casarin<br><em>Universidad Nacional de C\u00f3rdoba<br>Doctor en Letras Modernas<\/em><\/p>\n\n\n\n<p class=\"has-black-color has-text-color has-link-color wp-elements-70869dff876b4dfcd921399676a77006\">Luc\u00eda Coppari<br><em>CONICET \/ Universidad Nacional de C\u00f3rdoba<br>Doctora en Ciencias Sociales<\/em><\/p>\n\n\n\n<p class=\"has-black-color has-text-color has-link-color wp-elements-72e290938f29bbb5bd2c8cec7bc5765d\">Pablo Fernando Rojas<br><em>CONICET \/ Universidad Nacional de C\u00f3rdoba<br>Especialista en Lenguaje y Comunicaci\u00f3n Digital<\/em><\/p>\n\n\n\n<p class=\"has-black-color has-text-color has-link-color wp-elements-7cd6636308af8ba57454f1651ebbd4dc\">Pablo Dema<br><em>Universidad Nacional de R\u00edo Cuarto<br>Doctor en Ciencias Sociales<\/em><\/p>\n\n\n\n<p class=\"has-black-color has-text-color has-link-color wp-elements-e0130116eb87ec5cdec020fe39e79894\">Gabriela Baglione<br><em>Universidad Nacional de C\u00f3rdoba<br>T\u00e9cnica en Archivolog\u00eda<\/em><\/p>\n\n\n\n<p class=\"has-black-color has-text-color has-link-color wp-elements-897e4cf38ccec6d68b403a8a59222858\">Paula Villa<br><em>Universiad Nacional de C\u00f3rdoba<br>M\u00e1ster en Estudios de G\u00e9nero, Identidades y Ciudadan\u00eda <\/em><\/p>\n\n\n\n<p class=\"has-black-color has-text-color has-link-color wp-elements-197bbf897347362f81bd943438ff4788\">Gabriela Macheret<br><em>Universidad Nacional de C\u00f3rdoba<br>Licenciada en Teatro<\/em><\/p>\n\n\n\n<p class=\"has-black-color has-text-color has-link-color wp-elements-8be13e6ad64a555a1363fc552339ffb1\">Luc\u00eda C\u00e9spedes<br><em>Universit\u00e9 de Montreal \/ Universidad Nacional de C\u00f3rdoba<br>Doctora en Estudios Sociales de Am\u00e9rica Latina<\/em><\/p>\n\n\n\n<p><mark style=\"background-color:rgba(0, 0, 0, 0)\" class=\"has-inline-color has-black-color\">Ignacio Liziardi<br><em>Universidad Nacional de C\u00f3rdoba<br>Licenciado y Profesor en Historia<\/em><\/mark><\/p>\n\n\n\n<p class=\"has-black-color has-text-color has-link-color wp-elements-833292742ba4af33660b11a5b6b541de\">Lisha D\u00e1vila Rodr\u00edguez<br><em>Universidad Nacional de Villa Mar\u00eda \/ Universidad Nacional de C\u00f3rdoba<br>Doctora en Comunicaci\u00f3n Social<\/em><\/p>\n\n\n\n<p class=\"has-black-color has-text-color has-link-color wp-elements-1c71599fb1e2d9cde7f3677cf3d00800\">Paula Robledo<br><em>CONICET <\/em>\/ <em>Universidad Nacional de C\u00f3rdoba<br>Licenciada en Cine y Televisi\u00f3n \/ Doctoranda en Semi\u00f3tica<\/em><\/p>\n\n\n\n<p><mark style=\"background-color:rgba(0, 0, 0, 0)\" class=\"has-inline-color has-black-color\">Amandine Guillard<br><em>CONICET \/ Universidad Nacional de C\u00f3rdoba<br>Doctora en Letras Modernas<\/em><\/mark><\/p>\n\n\n\n<p class=\"has-text-color has-link-color wp-elements-680dc939b3254337f545ba0b41c09f77\" style=\"color:#eaeaea\">&#8230;<\/p>\n\n\n\n<p><strong>Colaboradores<\/strong><\/p>\n\n\n\n<p class=\"has-black-color has-text-color has-link-color wp-elements-5a8dddfb5f63d1fe8bdd21bd9bae2d72\">Mat\u00edas Rodeiro<\/p>\n\n\n\n<p class=\"has-black-color has-text-color has-link-color wp-elements-040e4a0ceb391513a42d9184dab2e14b\">Melisa Gnesutta<\/p>\n\n\n\n<p><mark style=\"background-color:rgba(0, 0, 0, 0)\" class=\"has-inline-color has-black-color\">Ra\u00fal Tamargo<\/mark><\/p>\n<\/div>\n<\/div>\n\n\n\n<div style=\"height:45px;width:0px\" aria-hidden=\"true\" class=\"wp-block-spacer\"><\/div>\n\n\n\n<div class=\"wp-block-columns is-layout-flex wp-container-core-columns-is-layout-9d6595d7 wp-block-columns-is-layout-flex\">\n<div class=\"wp-block-column is-layout-flow wp-block-column-is-layout-flow\">\n<p><strong>Responsables del \u00e1rea de publicaciones de Villa Mar\u00eda<\/strong><\/p>\n\n\n\n<p class=\"has-black-color has-text-color has-link-color wp-elements-d94d9343bc72e74a9c89eb0c69c2b5e6\">Silvina Mercadal<\/p>\n\n\n\n<p class=\"has-black-color has-text-color has-link-color wp-elements-2ce1609c4c8f4eb31ab46529e51ca118\">Gabriel Montali<\/p>\n<\/div>\n<\/div>\n\n\n\n<div style=\"height:45px;width:0px\" aria-hidden=\"true\" class=\"wp-block-spacer\"><\/div>\n\n\n\n<div class=\"wp-block-columns is-layout-flex wp-container-core-columns-is-layout-9d6595d7 wp-block-columns-is-layout-flex\">\n<div class=\"wp-block-column is-layout-flow wp-block-column-is-layout-flow\">\n<p><strong>Responsable del \u00e1rea de publicaciones de R\u00edo Cuarto<\/strong><\/p>\n\n\n\n<p><mark style=\"background-color:rgba(0, 0, 0, 0)\" class=\"has-inline-color has-black-color\">Pablo Dema<\/mark><\/p>\n<\/div>\n\n\n\n<div class=\"wp-block-column is-layout-flow wp-block-column-is-layout-flow\"><\/div>\n<\/div>\n\n\n\n<div style=\"height:45px;width:0px\" aria-hidden=\"true\" class=\"wp-block-spacer\"><\/div>\n\n\n\n<div class=\"wp-block-columns is-layout-flex wp-container-core-columns-is-layout-9d6595d7 wp-block-columns-is-layout-flex\">\n<div class=\"wp-block-column is-layout-flow wp-block-column-is-layout-flow\">\n<p><strong>Responsable del \u00e1rea de publicaciones de San Francisco<\/strong><\/p>\n\n\n\n<p><mark style=\"background-color:rgba(0, 0, 0, 0)\" class=\"has-inline-color has-black-color\">Lucas Aimar<\/mark><\/p>\n\n\n\n<div style=\"height:51px\" aria-hidden=\"true\" class=\"wp-block-spacer\"><\/div>\n\n\n\n<p><strong>Coordinadora de colecciones en Omeka<\/strong><\/p>\n\n\n\n<p><mark style=\"background-color:rgba(0, 0, 0, 0)\" class=\"has-inline-color has-black-color\">Ver\u00f3nica Lencinas<\/mark><\/p>\n<\/div>\n<\/div>\n\n\n\n<div style=\"height:45px;width:0px\" aria-hidden=\"true\" class=\"wp-block-spacer\"><\/div>\n\n\n\n<div class=\"wp-block-columns is-layout-flex wp-container-core-columns-is-layout-9d6595d7 wp-block-columns-is-layout-flex\">\n<div class=\"wp-block-column is-layout-flow wp-block-column-is-layout-flow\">\n<p><strong>Soporte inform\u00e1tico y archiv\u00edstico<\/strong><\/p>\n\n\n\n<p><mark style=\"background-color:rgba(0, 0, 0, 0)\" class=\"has-inline-color has-black-color\">Ver\u00f3nica Lencinas<\/mark><\/p>\n\n\n\n<p><mark style=\"background-color:rgba(0, 0, 0, 0)\" class=\"has-inline-color has-black-color\">Lucas Aimar<\/mark><\/p>\n\n\n\n<p><mark style=\"background-color:rgba(0, 0, 0, 0)\" class=\"has-inline-color has-black-color\">Gabriela Baglione<\/mark><\/p>\n<\/div>\n<\/div>\n\n\n\n<div style=\"height:45px;width:0px\" aria-hidden=\"true\" class=\"wp-block-spacer\"><\/div>\n\n\n\n<div class=\"wp-block-columns is-layout-flex wp-container-core-columns-is-layout-9d6595d7 wp-block-columns-is-layout-flex\">\n<div class=\"wp-block-column is-layout-flow wp-block-column-is-layout-flow\">\n<p><strong>Desarrollo y dise\u00f1o de sitio web<\/strong><\/p>\n\n\n\n<p><mark style=\"background-color:rgba(0, 0, 0, 0)\" class=\"has-inline-color has-black-color\">Lucas Aimar<\/mark><\/p>\n<\/div>\n\n\n\n<div class=\"wp-block-column is-layout-flow wp-block-column-is-layout-flow\"><\/div>\n<\/div>\n\n\n\n<div style=\"height:47px;width:0px\" aria-hidden=\"true\" class=\"wp-block-spacer\"><\/div>\n\n\n\n<div class=\"wp-block-columns is-layout-flex wp-container-core-columns-is-layout-9d6595d7 wp-block-columns-is-layout-flex\">\n<div class=\"wp-block-column is-layout-flow wp-block-column-is-layout-flow\">\n<p><strong>Digitalizaci\u00f3n de documentos<\/strong><\/p>\n\n\n\n<p><mark style=\"background-color:rgba(0, 0, 0, 0)\" class=\"has-inline-color has-black-color\">Diego Vigna<\/mark><\/p>\n\n\n\n<p><mark style=\"background-color:rgba(0, 0, 0, 0)\" class=\"has-inline-color has-black-color\">Julia Varela<\/mark><\/p>\n\n\n\n<p><mark style=\"background-color:rgba(0, 0, 0, 0)\" class=\"has-inline-color has-black-color\">Gabriela Baglione<\/mark><\/p>\n<\/div>\n<\/div>\n\n\n\n<div style=\"height:47px;width:0px\" aria-hidden=\"true\" class=\"wp-block-spacer\"><\/div>\n\n\n\n<div class=\"wp-block-columns is-layout-flex wp-container-core-columns-is-layout-9d6595d7 wp-block-columns-is-layout-flex\">\n<div class=\"wp-block-column is-layout-flow wp-block-column-is-layout-flow\">\n<p><strong>Producci\u00f3n de im\u00e1genes y copias derivadas<\/strong><\/p>\n\n\n\n<p><mark style=\"background-color:rgba(0, 0, 0, 0)\" class=\"has-inline-color has-black-color\">Mariana Artero<\/mark><\/p>\n\n\n\n<p><mark style=\"background-color:rgba(0, 0, 0, 0)\" class=\"has-inline-color has-black-color\">Florencia Romero<\/mark><\/p>\n\n\n\n<p><mark style=\"background-color:rgba(0, 0, 0, 0)\" class=\"has-inline-color has-black-color\">Diego Vigna<\/mark><\/p>\n\n\n\n<p><mark style=\"background-color:rgba(0, 0, 0, 0)\" class=\"has-inline-color has-black-color\">Lucas Aimar<\/mark><\/p>\n<\/div>\n\n\n\n<div class=\"wp-block-column is-layout-flow wp-block-column-is-layout-flow\">\n<p class=\"has-text-color has-link-color wp-elements-680dc939b3254337f545ba0b41c09f77\" style=\"color:#eaeaea\">&#8230;<\/p>\n<\/div>\n<\/div>\n\n\n\n<div style=\"height:47px;width:0px\" aria-hidden=\"true\" class=\"wp-block-spacer\"><\/div>\n\n\n\n<div class=\"wp-block-columns is-layout-flex wp-container-core-columns-is-layout-9d6595d7 wp-block-columns-is-layout-flex\">\n<div class=\"wp-block-column is-layout-flow wp-block-column-is-layout-flow\">\n<p><strong>Descripci\u00f3n documental<\/strong><\/p>\n\n\n\n<p><mark style=\"background-color:rgba(0, 0, 0, 0)\" class=\"has-inline-color has-black-color\">Mariana Artero<\/mark><\/p>\n\n\n\n<p><mark style=\"background-color:rgba(0, 0, 0, 0)\" class=\"has-inline-color has-black-color\">Tatiana S\u00e1nchez<\/mark><\/p>\n\n\n\n<p><mark style=\"background-color:rgba(0, 0, 0, 0)\" class=\"has-inline-color has-black-color\">Diego Vigna<\/mark><\/p>\n<\/div>\n\n\n\n<div class=\"wp-block-column is-layout-flow wp-block-column-is-layout-flow\"><\/div>\n<\/div>\n\n\n\n<div style=\"height:47px;width:0px\" aria-hidden=\"true\" class=\"wp-block-spacer\"><\/div>\n\n\n\n<div class=\"wp-block-columns is-layout-flex wp-container-core-columns-is-layout-9d6595d7 wp-block-columns-is-layout-flex\">\n<div class=\"wp-block-column is-layout-flow wp-block-column-is-layout-flow\">\n<p><strong>Prensa y comunicaci\u00f3n p\u00fablica<\/strong><\/p>\n\n\n\n<p><mark style=\"background-color:rgba(0, 0, 0, 0)\" class=\"has-inline-color has-black-color\">Paula Villa<\/mark><\/p>\n\n\n\n<p><mark style=\"background-color:rgba(0, 0, 0, 0)\" class=\"has-inline-color has-black-color\">Paula Robledo<\/mark><\/p>\n<\/div>\n\n\n\n<div class=\"wp-block-column is-layout-flow wp-block-column-is-layout-flow\"><\/div>\n<\/div>\n\n\n\n<div style=\"height:47px;width:0px\" aria-hidden=\"true\" class=\"wp-block-spacer\"><\/div>\n\n\n\n<div class=\"wp-block-columns is-layout-flex wp-container-core-columns-is-layout-9d6595d7 wp-block-columns-is-layout-flex\">\n<div class=\"wp-block-column is-layout-flow wp-block-column-is-layout-flow\">\n<p><strong><mark style=\"background-color:rgba(0, 0, 0, 0)\" class=\"has-inline-color has-black-color\">Agradecimientos especiales por aportes de documentos y testimonios, facilitaci\u00f3n de contactos, establecimiento de v\u00ednculos, asesor\u00eda archiv\u00edstica y cesi\u00f3n de materiales desde colecciones privadas<\/mark><\/strong><\/p>\n\n\n\n<p><mark style=\"background-color:rgba(0, 0, 0, 0)\" class=\"has-inline-color has-black-color\">Jos\u00e9 Heinz, Anabella Gill, Carlos Gazzera, Eugenia Sik, M\u00f3nica Pen\u00e9, Eugenia Cabral, Antonio Moro, Carlos Schilling, Emiliano Conill, Omar Isaguirre, Carlos M\u00e1ximo Ferreyra, Iv\u00e1n Ferreyra, Juan D&#8217;Alessandro, Jorge Torres Roggero, Roxana Pati\u00f1o, Sebasti\u00e1n Maturano, Bernardo Schiavetta, Nelson Gustavo Specchia, Rosalba Campra, Hern\u00e1n Tejerina, Emanuel Rodr\u00edguez, Sergio Osses, Osvaldo Iachetta, Alexis Comamala, Carolina Repetto, Mariano Barbieri, Celina Garay, Cecilia Pernasetti, Mat\u00edas Rodeiro, Omar Alvez, V\u00edctor Alvez, Normand Argarate, Mar\u00eda de los \u00c1ngeles Fornero, Guillermo Montenegro, Waldo Cebrero, Juli\u00e1n Aubrit, Ignacio Barbeito, Cuini Chiappero, Julia Varela, Ver\u00f3nica Carignano, Anah\u00ed R\u00e9, Juan Manuel Fern\u00e1ndez, Graciela Ferrero, Carlos Culler\u00e9, Rogelio Demarchi, Aldo Parfeniuk, Pablo Dema, Carola Mur\u00faa, Domingo Ighina, Gonzalo Vaca Narvaja, Sebasti\u00e1n Della Giustina, Sergio Rodr\u00edguez, Griselda G\u00f3mez, Mariano Medina, C\u00e9sar Vargas, Gabriel Orge, Javier Mart\u00ednez Ramacciotti, Mart\u00edn De Mauro, Eduardo Lacoste, Omar P\u00e9rez, Alfonsina Clari\u00e1, Leticia Ressia, Ra\u00fal Tolosa, Marcela Benav\u00eddez, Iv\u00e1n Wielikosielek, Selva Gallegos, Ilze Petroni, Pablo Carrizo, Mart\u00edn Acebal, Mat\u00edas Rodeiro, Emmanuel Biset, Alejandra Baldovin, Rafael Sucari, Eduardo Lacoste, Susana P\u00e9rez, Claudio Prosd\u00f3cimo, Juan Fragueiro, Clyde Penedo, Claudio Fantini, Ignacio Liziardi, Laura Colombo Cabuchi, Claudio Arrascaeta, Rodolfo Mignini.<\/mark><\/p>\n<\/div>\n<\/div>\n\n\n\n<p><\/p>\n\n\n\n<p class=\"has-text-align-left\"><strong><mark style=\"background-color:rgba(0, 0, 0, 0)\" class=\"has-inline-color has-black-color\">Este espacio est\u00e1 dedicado a la memoria de V\u00edctor Humberto Guzm\u00e1n, Pampa Ar\u00e1n de Meriles y Olga \u00c1ngela Cuppoletti. <\/mark><\/strong><\/p>\n\n\n\n<div style=\"height:84px\" aria-hidden=\"true\" class=\"wp-block-spacer\"><\/div>\n\n\n\n<p class=\"has-text-align-center\"><strong><mark style=\"background-color:rgba(0, 0, 0, 0);color:#ff2400\" class=\"has-inline-color\">Revistas Culturales de C\u00f3rdoba | ISSN 3072-774X<\/mark><\/strong><\/p>\n\n\n\n<p><\/p>\n","protected":false},"excerpt":{"rendered":"<p>Director Diego VignaCONICET \/ Universidad Nacional de C\u00f3rdobaDoctor en Estudios Sociales de Am\u00e9rica Latina Directora Honoraria Roxana Pati\u00f1oProfesora Em\u00e9rita de la Universidad Nacional de C\u00f3rdobaDoctora en Literaturas Latinoamericanas Coordinador Baal DelupiCONICET \/ Universidad Nacional de C\u00f3rdoba \/ Universidad Provincial de<\/p>\n","protected":false},"author":1,"featured_media":0,"parent":0,"menu_order":0,"comment_status":"closed","ping_status":"closed","template":"","meta":{"footnotes":""},"class_list":["post-20","page","type-page","status-publish","hentry"],"_links":{"self":[{"href":"https:\/\/archivorec.ar\/index.php?rest_route=\/wp\/v2\/pages\/20","targetHints":{"allow":["GET"]}}],"collection":[{"href":"https:\/\/archivorec.ar\/index.php?rest_route=\/wp\/v2\/pages"}],"about":[{"href":"https:\/\/archivorec.ar\/index.php?rest_route=\/wp\/v2\/types\/page"}],"author":[{"embeddable":true,"href":"https:\/\/archivorec.ar\/index.php?rest_route=\/wp\/v2\/users\/1"}],"replies":[{"embeddable":true,"href":"https:\/\/archivorec.ar\/index.php?rest_route=%2Fwp%2Fv2%2Fcomments&post=20"}],"version-history":[{"count":44,"href":"https:\/\/archivorec.ar\/index.php?rest_route=\/wp\/v2\/pages\/20\/revisions"}],"predecessor-version":[{"id":547,"href":"https:\/\/archivorec.ar\/index.php?rest_route=\/wp\/v2\/pages\/20\/revisions\/547"}],"wp:attachment":[{"href":"https:\/\/archivorec.ar\/index.php?rest_route=%2Fwp%2Fv2%2Fmedia&parent=20"}],"curies":[{"name":"wp","href":"https:\/\/api.w.org\/{rel}","templated":true}]}}