{"id":24,"date":"2025-02-26T14:27:20","date_gmt":"2025-02-26T17:27:20","guid":{"rendered":"http:\/\/localhost\/wordpress\/?page_id=24"},"modified":"2026-01-20T11:52:32","modified_gmt":"2026-01-20T14:52:32","slug":"sitios-interes","status":"publish","type":"page","link":"https:\/\/archivorec.ar\/?page_id=24","title":{"rendered":"Sitios de inter\u00e9s"},"content":{"rendered":"\n<div style=\"height:50px\" aria-hidden=\"true\" class=\"wp-block-spacer\"><\/div>\n\n\n\n<p><strong>Proyectos archiv\u00edsticos, bibliotecas digitales y colecciones hemerogr\u00e1ficas nacionales<\/strong><\/p>\n\n\n\n<div class=\"wp-block-columns is-layout-flex wp-container-core-columns-is-layout-9d6595d7 wp-block-columns-is-layout-flex\">\n<div class=\"wp-block-column is-layout-flow wp-block-column-is-layout-flow\" style=\"flex-basis:66.66%\">\n<p>Proyecto Culturas interiores (Un archivo de la cultura de C\u00f3rdoba) [<a href=\"https:\/\/culturasinteriores.ffyh.unc.edu.ar\" target=\"_blank\" rel=\"noreferrer noopener\">Consulta<\/a>]<\/p>\n\n\n\n<p>Autores territoriales (Archivos y bibliotecas de escritores misioneros) [<a href=\"http:\/\/www.autoresterritoriales.com\/\" target=\"_blank\" rel=\"noreferrer noopener\">Consulta<\/a>]<\/p>\n\n\n\n<p>Archivo Hist\u00f3rico Digital Venado Tuerto (revistas venadenses) [<a href=\"https:\/\/archivohistoricovenado.com.ar\/index.php\/informationobject\/browse?collection=5393&amp;repos=439&amp;view=card&amp;onlyMedia=1&amp;topLod=0&amp;sort=identifier&amp;sortDir=asc\" target=\"_blank\" rel=\"noreferrer noopener\">Consulta<\/a>]<\/p>\n\n\n\n<p>Archivo Escritos en la Prisi\u00f3n (Universidad Nacional de C\u00f3rdoba) [<a href=\"https:\/\/escritosenlaprision.sociales.unc.edu.ar\/\">Consulta<\/a>]<\/p>\n\n\n\n<p>Archivo Paco Gim\u00e9nez (Universidad Nacional de C\u00f3rdoba) [<a href=\"https:\/\/archivopacogimenez.sociales.unc.edu.ar\/\" target=\"_blank\" rel=\"noreferrer noopener\">Consulta<\/a>]<\/p>\n\n\n\n<p>Biblioteca Nacional Mariano Moreno (colecciones digitales) [<a href=\"https:\/\/catalogo.bn.gov.ar\/F\/?func=find-m\" target=\"_blank\" rel=\"noreferrer noopener\">Consulta<\/a>]<\/p>\n\n\n\n<p>Archivo Hist\u00f3rico de Revistas Argentinas (UBA-CONICET, Buenos Aires) [<a href=\"https:\/\/ahira.com.ar\/\" target=\"_blank\" rel=\"noreferrer noopener\">Consulta<\/a>]<\/p>\n\n\n\n<p>Portal Am\u00e9ricaLee (CEDINCI, Buenos Aires) [<a href=\"https:\/\/americalee.cedinci.org\" target=\"_blank\" rel=\"noreferrer noopener\">Consulta<\/a>]<\/p>\n\n\n\n<p>ARCAS (Repositorio de fuentes de inter\u00e9s para la investigaci\u00f3n, Universidad Nacional de La Plata) [<a href=\"http:\/\/arcas.fahce.unlp.edu.ar\/\" target=\"_blank\" rel=\"noreferrer noopener\">Consulta<\/a>]<\/p>\n\n\n\n<p>Archivo IIAC (Universidad Nacional de Tres de Febrero, Buenos Aires) [<a href=\"https:\/\/archivoiiac.untref.edu.ar\" target=\"_blank\" rel=\"noreferrer noopener\">Consulta<\/a>]<\/p>\n\n\n\n<p>Biblioteca Nacional Mariano Moreno (Sede Juan Filloy, C\u00f3rdoba) [<a href=\"https:\/\/www.instagram.com\/bnsedejuanfilloy\" target=\"_blank\" rel=\"noreferrer noopener\">Consulta<\/a>]<\/p>\n\n\n\n<p>Archivo Jorge Baron Biza (C\u00f3rdoba) [<a href=\"https:\/\/jorgebaronbiza.com.ar\/\" target=\"_blank\" rel=\"noreferrer noopener\">Consulta<\/a>]<\/p>\n\n\n\n<p>Biblioteca Orbis Tertius (Universidad Nacional de La Plata) [<a href=\"http:\/\/bibliotecaorbistertius.fahce.unlp.edu.ar\/\" target=\"_blank\" rel=\"noreferrer noopener\">Consulta<\/a>]<\/p>\n\n\n\n<p>Centro de Arte Experimental Vigo (Centro de Artes Visuales de La Plata) [<a href=\"https:\/\/caev.com.ar\/\" target=\"_blank\" rel=\"noreferrer noopener\">Consulta<\/a>]<\/p>\n\n\n\n<p>Hemeroteca Digital de la Universidad del Cine [<a href=\"https:\/\/www.ucine.edu.ar\/hemeroteca\" target=\"_blank\" rel=\"noreferrer noopener\">Consulta<\/a>]<\/p>\n<\/div>\n<\/div>\n\n\n\n<div style=\"height:70px\" aria-hidden=\"true\" class=\"wp-block-spacer\"><\/div>\n\n\n\n<p><strong>Repositorios, bibliotecas, hemerotecas y archivos del mundo<\/strong><\/p>\n\n\n\n<div class=\"wp-block-columns is-layout-flex wp-container-core-columns-is-layout-9d6595d7 wp-block-columns-is-layout-flex\">\n<div class=\"wp-block-column is-layout-flow wp-block-column-is-layout-flow\" style=\"flex-basis:66.66%\">\n<p>CRLA-Archivos (Universit\u00e9 de Poitiers, Francia) [<a href=\"http:\/\/crla-archivos.labo.univ-poitiers.fr\/es\/\" target=\"_blank\" rel=\"noreferrer noopener\">Consulta<\/a>]<\/p>\n\n\n\n<p>Instituto Iberoamericano de Berl\u00edn (Colecciones digitales) (Alemania) [<a href=\"https:\/\/www.iai.spk-berlin.de\/es\/colecciones\/acerca-de-las-colecciones-digitales.html\" target=\"_blank\" rel=\"noreferrer noopener\">Consulta<\/a>]<\/p>\n\n\n\n<p>Proyecto An\u00e1foras (Uruguay) [<a href=\"https:\/\/anaforas.fic.edu.uy\/jspui\" target=\"_blank\" rel=\"noreferrer noopener\">Consulta<\/a>]<\/p>\n\n\n\n<p>Biblioteca Virtual Miguel de Cervantes (Espa\u00f1a) [<a href=\"https:\/\/www.cervantesvirtual.com\" target=\"_blank\" rel=\"noreferrer noopener\">Consulta<\/a>]<\/p>\n\n\n\n<p>Memoria Chilena de la Biblioteca Nacional de Chile (prensa y periodismo) [<a href=\"https:\/\/www.memoriachilena.gob.cl\/602\/w3-propertyvalue-137762.html\" target=\"_blank\" rel=\"noreferrer noopener\">Consultar<\/a>]<\/p>\n\n\n\n<p>Revistas Culturales 2.0 (de habla hispana) (Alemania) [<a href=\"https:\/\/www.revistas-culturales.de\/\" target=\"_blank\" rel=\"noreferrer noopener\">Consultar<\/a>]<\/p>\n\n\n\n<p>Hemeroteca Nacional Brasilera (Biblioteca Nacional Digital de Brasil) [<a href=\"https:\/\/memoria.bn.gov.br\/hdb\/periodico.aspx\" target=\"_blank\" rel=\"noreferrer noopener\">Consultar<\/a>]<\/p>\n\n\n\n<p>Publicaciones Peri\u00f3dicas Digitales de la Biblioteca Nacional de Uruguay [<a href=\"http:\/\/bibliotecadigital.bibna.gub.uy:8080\/jspui\/handle\/123456789\/17\" target=\"_blank\" rel=\"noreferrer noopener\">Consultar<\/a>]<\/p>\n\n\n\n<p>Centro de Documentaci\u00f3n y Archivos de la Memoria (Chile) [<a href=\"https:\/\/cedam.cl\/\" target=\"_blank\" rel=\"noreferrer noopener\">Consultar<\/a>]<\/p>\n\n\n\n<p>La vida de las cosas: archivos y coleccionismo (Universidad Diego Portales, Chile) [<a href=\"https:\/\/centroparalashumanidades.udp.cl\/la-vida-de-las-cosas-archivos-y-coleccionismo\/\" target=\"_blank\" rel=\"noreferrer noopener\">Consultar<\/a>]<\/p>\n<\/div>\n<\/div>\n","protected":false},"excerpt":{"rendered":"<p>Proyectos archiv\u00edsticos, bibliotecas digitales y colecciones hemerogr\u00e1ficas nacionales Proyecto Culturas interiores (Un archivo de la cultura de C\u00f3rdoba) [Consulta] Autores territoriales (Archivos y bibliotecas de escritores misioneros) [Consulta] Archivo Hist\u00f3rico Digital Venado Tuerto (revistas venadenses) [Consulta] Archivo Escritos en la<\/p>\n","protected":false},"author":1,"featured_media":0,"parent":0,"menu_order":0,"comment_status":"closed","ping_status":"closed","template":"","meta":{"footnotes":""},"class_list":["post-24","page","type-page","status-publish","hentry"],"_links":{"self":[{"href":"https:\/\/archivorec.ar\/index.php?rest_route=\/wp\/v2\/pages\/24","targetHints":{"allow":["GET"]}}],"collection":[{"href":"https:\/\/archivorec.ar\/index.php?rest_route=\/wp\/v2\/pages"}],"about":[{"href":"https:\/\/archivorec.ar\/index.php?rest_route=\/wp\/v2\/types\/page"}],"author":[{"embeddable":true,"href":"https:\/\/archivorec.ar\/index.php?rest_route=\/wp\/v2\/users\/1"}],"replies":[{"embeddable":true,"href":"https:\/\/archivorec.ar\/index.php?rest_route=%2Fwp%2Fv2%2Fcomments&post=24"}],"version-history":[{"count":14,"href":"https:\/\/archivorec.ar\/index.php?rest_route=\/wp\/v2\/pages\/24\/revisions"}],"predecessor-version":[{"id":538,"href":"https:\/\/archivorec.ar\/index.php?rest_route=\/wp\/v2\/pages\/24\/revisions\/538"}],"wp:attachment":[{"href":"https:\/\/archivorec.ar\/index.php?rest_route=%2Fwp%2Fv2%2Fmedia&parent=24"}],"curies":[{"name":"wp","href":"https:\/\/api.w.org\/{rel}","templated":true}]}}