{"id":374,"date":"2025-06-15T19:24:24","date_gmt":"2025-06-15T19:24:24","guid":{"rendered":"https:\/\/archivorec.ar\/?page_id=374"},"modified":"2025-06-15T20:50:59","modified_gmt":"2025-06-15T20:50:59","slug":"estudios-criticos","status":"publish","type":"page","link":"https:\/\/archivorec.ar\/?page_id=374","title":{"rendered":"Estudios cr\u00edticos"},"content":{"rendered":"\n<div class='contenedor-estudios'><h3 class='titulo-tipo-estudio'>Estudios cr\u00edticos sobre revistas de C\u00f3rdoba<\/h3><ul class='lista-estudios'><li class='item-estudio'><div class='fila-estudio'><div class='texto-estudio'><strong class='titulo-estudio'>Sa\u00fal Taborda y el comunalismo: una f\u00f3rmula hist\u00f3rico-pol\u00edtica para un pa\u00eds confederal [Art\u00edculo]<\/strong><br>de <span class='autor-estudio'>Ag\u00fcero, Ana Clarisa; Garc\u00eda, Diego<\/span> [<a href='https:\/\/archivorec.ar\/wp-content\/uploads\/2025\/05\/AGUERO-Ana-Clarisa-y-GARCIA-Diego-Saul-Taborda-y-el-comunalismo.pdf' target='_blank'>Consulta<\/a>]<\/div><\/div><\/li><li class='item-estudio'><div class='fila-estudio'><div class='texto-estudio'><strong class='titulo-estudio'>La poes\u00eda de C\u00f3rdoba: un poco de historia (sobre la revista Laurel) [Post]<\/strong><br>de <span class='autor-estudio'>Basta Ya (Bolet\u00edn Literario)<\/span> [<a href='https:\/\/archivorec.ar\/wp-content\/uploads\/2025\/05\/BASTA-YA-BOLETIN-LITERARIO-La-poesia-de-Cordoba-estudio-sobre-Laurel.pdf' target='_blank'>Consulta<\/a>]<\/div><\/div><\/li><li class='item-estudio'><div class='fila-estudio'><div class='texto-estudio'><strong class='titulo-estudio'>\u201cEl Apuntador\u201d: proyecto editorial y comunidad art\u00edstica en torno al teatro cordob\u00e9s [Art\u00edculo]<\/strong><br>de <span class='autor-estudio'>Delupi, Baal<\/span> [<a href='https:\/\/archivorec.ar\/wp-content\/uploads\/2025\/05\/DELUPI-Baal-El-Apuntador-proyecto-editorial-y-comunidad-artistica.pdf' target='_blank'>Consulta<\/a>]<\/div><\/div><\/li><li class='item-estudio'><div class='fila-estudio'><div class='texto-estudio'><strong class='titulo-estudio'>La construcci\u00f3n del imaginario pol\u00edtico de la revista Pasado y Presente en el discurso social argentino de 1963-1965 [Art\u00edculo]<\/strong><br>de <span class='autor-estudio'>Delupi, Baal<\/span> [<a href='https:\/\/archivorec.ar\/wp-content\/uploads\/2025\/05\/DELUPI-Baal-Imaginario-politico-en-Pasado-y-Presente.pdf' target='_blank'>Consulta<\/a>]<\/div><\/div><\/li><li class='item-estudio'><div class='fila-estudio'><div class='texto-estudio'><strong class='titulo-estudio'>La dimensi\u00f3n art\u00edstica en la revista argentina Pasado y Presente [Art\u00edculo]<\/strong><br>de <span class='autor-estudio'>Delupi, Baal<\/span> [<a href='https:\/\/archivorec.ar\/wp-content\/uploads\/2025\/05\/DELUPI-Baal-La-dimension-artistica-en-Pasado-y-Presente.pdf' target='_blank'>Consulta<\/a>]<\/div><\/div><\/li><li class='item-estudio'><div class='fila-estudio'><div class='texto-estudio'><strong class='titulo-estudio'>La revista La Intemperie como discurso de resistencia en la Ciudad de C\u00f3rdoba, Argentina (2003-2007) [Art\u00edculo]<\/strong><br>de <span class='autor-estudio'>Delupi, Baal<\/span> [<a href='https:\/\/archivorec.ar\/wp-content\/uploads\/2025\/05\/DELUPI-Baal-La-revista-La-Intemperie-como-discurso-de-resistencia.pdf' target='_blank'>Consulta<\/a>]<\/div><\/div><\/li><li class='item-estudio'><div class='fila-estudio'><div class='texto-estudio'><strong class='titulo-estudio'>Los \u201ceditoriales-manifiestos\u201d y las \u201ccartasmedi\u00e1ticas\u201d como g\u00e9neros discursivos epocales en las publicaciones Pasado y Presente y Carta Abierta [Art\u00edculo]<\/strong><br>de <span class='autor-estudio'>Delupi, Baal<\/span> [<a href='https:\/\/archivorec.ar\/wp-content\/uploads\/2025\/05\/DELUPI-Baal-Los-editoriales-manifiestos-y-las-cartas-mediaticas-en-Pasado-y-Presente.pdf' target='_blank'>Consulta<\/a>]<\/div><\/div><\/li><li class='item-estudio'><div class='fila-estudio'><div class='texto-estudio'><strong class='titulo-estudio'>Intelectuales y pol\u00edtica: An\u00e1lisis socio-discursivo de los grupos Pasado y Presente y Carta Abierta [Art\u00edculo]<\/strong><br>de <span class='autor-estudio'>Delupi, Baal<\/span> [<a href='https:\/\/archivorec.ar\/wp-content\/uploads\/2025\/05\/DELUPI-Baal-Analisis-sociodiscursivo-de-los-grupos-Pasado-y-presente-y-Carta-Abierta.pdf' target='_blank'>Consulta<\/a>]<\/div><\/div><\/li><li class='item-estudio'><div class='fila-estudio'><div class='texto-estudio'><strong class='titulo-estudio'>J\u00f3venes, revolucionarios y disidentes: configuraciones discursivas imaginarias en la publicaci\u00f3n intelectual Pasado y Presente (1963) [Art\u00edculo]<\/strong><br>de <span class='autor-estudio'>Delupi, Baal<\/span> [<a href='https:\/\/archivorec.ar\/wp-content\/uploads\/2025\/05\/DELUPI-Baal-Configuraciones-discursivas-imaginarias-en-Pasado-y-Presente.pdf' target='_blank'>Consulta<\/a>]<\/div><\/div><\/li><li class='item-estudio'><div class='fila-estudio'><div class='texto-estudio'><strong class='titulo-estudio'>Miguel \u00c1ngel Piccato y la revista Jer\u00f3nimo (1968-1971): el movimiento continuo [Ponencia]<\/strong><br>de <span class='autor-estudio'>Kloker, Gast\u00f3n<\/span> [<a href='https:\/\/archivorec.ar\/wp-content\/uploads\/2025\/05\/KLOKER-Gaston-Piccato-y-la-revista-Jeronimo.pdf' target='_blank'>Consulta<\/a>]<\/div><\/div><\/li><li class='item-estudio'><div class='fila-estudio'><div class='texto-estudio'><strong class='titulo-estudio'>Revistas cultural-intelectuales en C\u00f3rdoba: el caso de la revista Athenas (1903-1905), figuras y circuitos [Ponencia]<\/strong><br>de <span class='autor-estudio'>L\u00f3pez, Mar\u00eda Victoria<\/span> [<a href='https:\/\/archivorec.ar\/wp-content\/uploads\/2025\/05\/LOPEZ-Maria-Victoria-Revistas-cultural-intelectuales-en-Cordoba-el-caso-de-la-revista-Athenas.pdf' target='_blank'>Consulta<\/a>]<\/div><\/div><\/li><li class='item-estudio'><div class='fila-estudio'><div class='texto-estudio'><strong class='titulo-estudio'>La escritura del desencanto. Una lectura de las formas disidencia en las revistas literarias y culturales de los 80 en Villa Mar\u00eda (C\u00f3rdoba, Argentina) [Art\u00edculo]<\/strong><br>de <span class='autor-estudio'>Mercadal, Silvina; Vigna, Diego; Montali, Gabriel<\/span> [<a href='https:\/\/archivorec.ar\/wp-content\/uploads\/2025\/05\/MERCADAL-VIGNA-MONTALI-La-escritura-del-desencanto.pdf' target='_blank'>Consulta<\/a>]<\/div><\/div><\/li><li class='item-estudio'><div class='fila-estudio'><div class='texto-estudio'><strong class='titulo-estudio'>En la zona de contacto: Pasado y Presente y la formaci\u00f3n de un grupo cultural [Cap\u00edtulo de libro]<\/strong><br>de <span class='autor-estudio'>Petra, Adriana<\/span> [<a href='https:\/\/archivorec.ar\/wp-content\/uploads\/2025\/05\/PETRA-Adriana-Pasado-y-Presente-y-la-formacion-de-un-grupo-cultural.pdf' target='_blank'>Consulta<\/a>]<\/div><\/div><\/li><li class='item-estudio'><div class='fila-estudio'><div class='texto-estudio'><strong class='titulo-estudio'>Las revistas culturales como \u2018espacios de pasaje\u2019 en la transici\u00f3n democr\u00e1tica argentina. El \u201ccaso Villa Mar\u00eda\u201d en los ochenta [Art\u00edculo]<\/strong><br>de <span class='autor-estudio'>Vigna, Diego; Montali, Gabriel; Mercadal, Silvina<\/span> [<a href='https:\/\/archivorec.ar\/wp-content\/uploads\/2025\/05\/VIGNA-MONTALI-MERCADAL-Revistas-de-Villa-Maria-en-los-80.pdf' target='_blank'>Consulta<\/a>]<\/div><\/div><\/li><li class='item-estudio'><div class='fila-estudio'><div class='texto-estudio'><strong class='titulo-estudio'>Revistas literarias de R\u00edo Cuarto (1953-1968): Ritmia y Soco Soco en la continuidad de Vertical, Cristalomancia y Trapalanda [Cap\u00edtulo de libro]<\/strong><br>de <span class='autor-estudio'>Dema, Pablo<\/span> [<a href='https:\/\/archivorec.ar\/wp-content\/uploads\/2025\/05\/DEMA-Pablo-Revistas-literarias-de-Rio-Cuarto.pdf' target='_blank'>Consulta<\/a>]<\/div><\/div><\/li><li class='item-estudio'><div class='fila-estudio'><div class='texto-estudio'><strong class='titulo-estudio'>Los poetas del interior en el mapa l\u00edrico de la naci\u00f3n. Alberto D\u00edaz Bag\u00fa entre poes\u00eda y edici\u00f3n (C\u00f3rdoba, 1944-1959) [Art\u00edculo]<\/strong><br>de <span class='autor-estudio'>Grisendi, Ezequiel<\/span> [<a href='https:\/\/archivorec.ar\/wp-content\/uploads\/2025\/05\/GRISENDI-Ezequiel-Sobre-Alberto-Diaz-Bagu.pdf' target='_blank'>Consulta<\/a>]<\/div><\/div><\/li><li class='item-estudio'><div class='fila-estudio'><div class='texto-estudio'><strong class='titulo-estudio'>Los \u201cescritores de provincia\u201d como tema: mediadores culturales y circuitos literarios \u201cperif\u00e9ricos\u201d (C\u00f3rdoba, 1940\u20101960) [Art\u00edculo]<\/strong><br>de <span class='autor-estudio'>Grisendi, Ezequiel<\/span> [<a href='https:\/\/archivorec.ar\/wp-content\/uploads\/2025\/05\/GRISENDI-Ezequiel.-Los-escritores-de-provincia-como-tema-Rev-Trabajo-y-Sociedad.pdf' target='_blank'>Consulta<\/a>]<\/div><\/div><\/li><li class='item-estudio'><div class='fila-estudio'><div class='texto-estudio'><strong class='titulo-estudio'>\u00bfDe la ilustraci\u00f3n a la revoluci\u00f3n? Apuntes sobre la actividad editorial de Pasado y Presente en los sesenta [Art\u00edculo]<\/strong><br>de <span class='autor-estudio'>Garc\u00eda, Diego<\/span> [<a href='https:\/\/archivorec.ar\/wp-content\/uploads\/2025\/05\/GARCIA-Diego-De-la-ilustracion-a-la-revolucion-sobre-Pasado-y-Presente.pdf' target='_blank'>Consulta<\/a>]<\/div><\/div><\/li><li class='item-estudio'><div class='fila-estudio'><div class='texto-estudio'><strong class='titulo-estudio'>Revistas culturales y literarias de C\u00f3rdoba (Argentina) en friso temporal. Tres zonas para pensar un m\u00e9todo [Art\u00edculo]<\/strong><br>de <span class='autor-estudio'>Diego Vigna<\/span> [<a href='https:\/\/archivorec.ar\/wp-content\/uploads\/2025\/10\/lirico-20356.pdf' target='_blank'>Consulta<\/a>]<\/div><\/div><\/li><li class='item-estudio'><div class='fila-estudio'><div class='texto-estudio'><strong class='titulo-estudio'>Pol\u00edticas culturales y formaciones emergentes: una lectura de los debates de la transici\u00f3n democr\u00e1tica en las revistas culturales y literarias de Villa Mar\u00eda (C\u00f3rdoba, Argentina) [Art\u00edculo]<\/strong><br>de <span class='autor-estudio'>Mercadal, Silvina; Vigna, Diego; Montali, Gabriel<\/span> [<a href='https:\/\/archivorec.ar\/wp-content\/uploads\/2026\/02\/Politicas-culturales-y-formaciones-emergentes-Mercadal-Vigna-Montali-ArtCultura.pdf' target='_blank'>Consulta<\/a>]<\/div><\/div><\/li><\/ul><h3 class='titulo-tipo-estudio'>Estudios cr\u00edticos y de relevamiento sobre el campo literario, cultural e intelectual (nacional y regional)<\/h3><ul class='lista-estudios'><li class='item-estudio'><div class='fila-estudio'><div class='texto-estudio'><strong class='titulo-estudio'>C\u00f3mo se hace un autor. Acerca del contacto cultural entre ciudades (C\u00f3rdoba \/ Buenos Aires, 1880-1930) [Art\u00edculo]<\/strong><br>de <span class='autor-estudio'>Ag\u00fcero, Ana Clarisa<\/span> [<a href='https:\/\/archivorec.ar\/wp-content\/uploads\/2025\/05\/AGUERO-Ana-Clarisa-Contacto-cultural-entre-ciudades.pdf' target='_blank'>Consulta<\/a>]<\/div><\/div><\/li><li class='item-estudio'><div class='fila-estudio'><div class='texto-estudio'><strong class='titulo-estudio'>Culturas locales, culturas regionales, culturas nacionales. Cuestiones conceptuales y de m\u00e9todo para una historiograf\u00eda por venir [Art\u00edculo]<\/strong><br>de <span class='autor-estudio'>Ag\u00fcero, Ana Clarisa; Garc\u00eda, Diego<\/span> [<a href='https:\/\/archivorec.ar\/wp-content\/uploads\/2025\/05\/AGUERO-A.-Clarisa-y-GARCIA-Diego-Culturas-locales-regionales-nacionales.pdf' target='_blank'>Consulta<\/a>]<\/div><\/div><\/li><li class='item-estudio'><div class='fila-estudio'><div class='texto-estudio'><strong class='titulo-estudio'>La literatura de C\u00f3rdoba a trav\u00e9s de algunas antolog\u00edas (1978-2003) [Art\u00edculo]<\/strong><br>de <span class='autor-estudio'>De Olmos, Candelaria; Egu\u00eda, Bibiana; Casarin, Marcelo<\/span> [<a href='https:\/\/archivorec.ar\/wp-content\/uploads\/2025\/05\/DE-OLMOS-EGUIA-CASARIN-La-literatura-de-Cordoba-en-antologias.pdf' target='_blank'>Consulta<\/a>]<\/div><\/div><\/li><li class='item-estudio'><div class='fila-estudio'><div class='texto-estudio'><strong class='titulo-estudio'>De C\u00f3rdoba a Tur\u00edn ida y vuelta: pasado y presente de la intelectualidad local [libro]<\/strong><br>de <span class='autor-estudio'>Delupi, Baal<\/span> [<a href='https:\/\/archivorec.ar\/wp-content\/uploads\/2025\/05\/DELUPI-Baal-De-Cordoba-a-Turin-libro.pdf' target='_blank'>Consulta<\/a>]<\/div><\/div><\/li><li class='item-estudio'><div class='fila-estudio'><div class='texto-estudio'><strong class='titulo-estudio'>Intelectuales de provincia: entre lo local y lo perif\u00e9rico [Art\u00edculo]<\/strong><br>de <span class='autor-estudio'>Mart\u00ednez, Ana Teresa<\/span> [<a href='https:\/\/archivorec.ar\/wp-content\/uploads\/2025\/05\/MARTINEZ-Ana-Teresa-Intelectuales-de-provincia.-Entre-lo-local-y-lo-periferico.pdf' target='_blank'>Consulta<\/a>]<\/div><\/div><\/li><li class='item-estudio'><div class='fila-estudio'><div class='texto-estudio'><strong class='titulo-estudio'>La historia intelectual desde su dimensi\u00f3n regional: algunas reflexiones [Art\u00edculo]<\/strong><br>de <span class='autor-estudio'>Pasolini, Ricardo<\/span> [<a href='https:\/\/archivorec.ar\/wp-content\/uploads\/2025\/05\/PASOLINI-Ricardo-La-historia-intelectual-desde-su-dimension-regional.pdf' target='_blank'>Consulta<\/a>]<\/div><\/div><\/li><li class='item-estudio'><div class='fila-estudio'><div class='texto-estudio'><strong class='titulo-estudio'>Gu\u00eda bibliograf\u00eda de autores y obras literarias de C\u00f3rdoba siglo XX [Estudio bibliogr\u00e1fico]<\/strong><br>de <span class='autor-estudio'>Egu\u00eda, Bibiana<\/span> [<a href='https:\/\/archivorec.ar\/wp-content\/uploads\/2025\/05\/EGUIA-Bibiana-Guia-bibliografia-de-los-autores-de-Cordoba-siglo-XX.pdf' target='_blank'>Consulta<\/a>]<\/div><\/div><\/li><\/ul><h3 class='titulo-tipo-estudio'>Trabajos del equipo: teor\u00eda y pr\u00e1ctica sobre archivos<\/h3><ul class='lista-estudios'><li class='item-estudio'><div class='fila-estudio'><div class='texto-estudio'><strong class='titulo-estudio'>Archivos, artes y medios digitales. Teor\u00eda y pr\u00e1ctica [Libro]<\/strong><br>de <span class='autor-estudio'>Ar\u00e1n, Pampa; Vigna, Diego<\/span> [<a href='https:\/\/archivorec.ar\/wp-content\/uploads\/2025\/06\/Archivos-artes-y-medios-digitales.-Teoria-y-practica.pdf' target='_blank'>Consulta<\/a>]<\/div><\/div><\/li><li class='item-estudio'><div class='fila-estudio'><div class='texto-estudio'><strong class='titulo-estudio'>Archiver\u00eda contempor\u00e1nea. Revisiones, conjeturas, resistencias [Libro]<\/strong><br>de <span class='autor-estudio'>Vigna, Diego; C\u00e9spedes, Luc\u00eda <\/span> [<a href='https:\/\/archivorec.ar\/wp-content\/uploads\/2025\/06\/Archiveria-contemporanea.-Revisiones-conjeturasm-resistencias.pdf' target='_blank'>Consulta<\/a>]<\/div><\/div><\/li><\/ul><\/div>\n","protected":false},"excerpt":{"rendered":"","protected":false},"author":1,"featured_media":0,"parent":0,"menu_order":0,"comment_status":"closed","ping_status":"closed","template":"","meta":{"footnotes":""},"class_list":["post-374","page","type-page","status-publish","hentry"],"_links":{"self":[{"href":"https:\/\/archivorec.ar\/index.php?rest_route=\/wp\/v2\/pages\/374","targetHints":{"allow":["GET"]}}],"collection":[{"href":"https:\/\/archivorec.ar\/index.php?rest_route=\/wp\/v2\/pages"}],"about":[{"href":"https:\/\/archivorec.ar\/index.php?rest_route=\/wp\/v2\/types\/page"}],"author":[{"embeddable":true,"href":"https:\/\/archivorec.ar\/index.php?rest_route=\/wp\/v2\/users\/1"}],"replies":[{"embeddable":true,"href":"https:\/\/archivorec.ar\/index.php?rest_route=%2Fwp%2Fv2%2Fcomments&post=374"}],"version-history":[{"count":1,"href":"https:\/\/archivorec.ar\/index.php?rest_route=\/wp\/v2\/pages\/374\/revisions"}],"predecessor-version":[{"id":375,"href":"https:\/\/archivorec.ar\/index.php?rest_route=\/wp\/v2\/pages\/374\/revisions\/375"}],"wp:attachment":[{"href":"https:\/\/archivorec.ar\/index.php?rest_route=%2Fwp%2Fv2%2Fmedia&parent=374"}],"curies":[{"name":"wp","href":"https:\/\/api.w.org\/{rel}","templated":true}]}}