{"id":377,"date":"2025-06-16T19:18:11","date_gmt":"2025-06-16T19:18:11","guid":{"rendered":"https:\/\/archivorec.ar\/?page_id=377"},"modified":"2025-07-02T19:34:08","modified_gmt":"2025-07-02T22:34:08","slug":"novedades","status":"publish","type":"page","link":"https:\/\/archivorec.ar\/?page_id=377","title":{"rendered":"Novedades"},"content":{"rendered":"<ul style=\"font-size:17px;\" class=\"wp-block-latest-posts__list has-dates wp-block-latest-posts\"><li><div class=\"wp-block-latest-posts__featured-image alignright\"><img loading=\"lazy\" decoding=\"async\" width=\"150\" height=\"150\" src=\"https:\/\/archivorec.ar\/wp-content\/uploads\/2025\/10\/Rec-FLC-Feed-150x150.png\" class=\"attachment-thumbnail size-thumbnail wp-post-image\" alt=\"\" style=\"max-width:150px;max-height:150px;\" \/><\/div><a class=\"wp-block-latest-posts__post-title\" href=\"https:\/\/archivorec.ar\/?p=529\">Presentaci\u00f3n del ReC en la Feria del Libro C\u00f3rdoba 2025<\/a><time datetime=\"2025-10-01T14:49:23-03:00\" class=\"wp-block-latest-posts__post-date\">01\/10\/2025<\/time><div class=\"wp-block-latest-posts__post-excerpt\">12 de octubre, 17 horas, Carpa Roja (Susana Cabuchi). Con la presencia de Diego Vigna, Roxana Pati\u00f1o, Diego Garc\u00eda y Jos\u00e9 Heinz.<\/div><\/li>\n<li><div class=\"wp-block-latest-posts__featured-image alignright\"><img loading=\"lazy\" decoding=\"async\" width=\"150\" height=\"150\" src=\"https:\/\/archivorec.ar\/wp-content\/uploads\/2025\/10\/554733778_2782478351958619_4862049204421371742_n-150x150.jpg\" class=\"attachment-thumbnail size-thumbnail wp-post-image\" alt=\"\" style=\"max-width:150px;max-height:150px;\" \/><\/div><a class=\"wp-block-latest-posts__post-title\" href=\"https:\/\/archivorec.ar\/?p=526\">Presentaci\u00f3n del ReC en Villa Mar\u00eda | 3 de octubre 2025<\/a><time datetime=\"2025-10-01T14:44:21-03:00\" class=\"wp-block-latest-posts__post-date\">01\/10\/2025<\/time><div class=\"wp-block-latest-posts__post-excerpt\">Biblioteca y Medioteca Municipal Mariano Moreno. Con la participaci\u00f3n de Diego Vigna, Silvina Mercadal, Gabriel Montali, Normand Argarate, Rub\u00e9n Chiappero y Mar\u00eda de los \u00c1ngeles Fornero. <\/div><\/li>\n<li><div class=\"wp-block-latest-posts__featured-image alignright\"><img loading=\"lazy\" decoding=\"async\" width=\"150\" height=\"150\" src=\"https:\/\/archivorec.ar\/wp-content\/uploads\/2025\/07\/Captura-1-150x150.jpg\" class=\"attachment-thumbnail size-thumbnail wp-post-image\" alt=\"\" style=\"max-width:150px;max-height:150px;\" \/><\/div><a class=\"wp-block-latest-posts__post-title\" href=\"https:\/\/archivorec.ar\/?p=511\">Entrevista | &#8220;Creaci\u00f3n del Archivo de Revistas Culturales de C\u00f3rdoba&#8221; [El Corredor Mediterr\u00e1neo]<\/a><time datetime=\"2025-07-25T16:32:33-03:00\" class=\"wp-block-latest-posts__post-date\">25\/07\/2025<\/time><div class=\"wp-block-latest-posts__post-excerpt\">Entrevista a Pablo Dema, a cargo de Diego Form\u00eda, sobre el lanzamiento del ReC. Para El Corredor Mediterr\u00e1neo (Subsecretar\u00eda de Cultura de R\u00edo Cuarto)<\/div><\/li>\n<li><div class=\"wp-block-latest-posts__featured-image alignright\"><img loading=\"lazy\" decoding=\"async\" width=\"150\" height=\"150\" src=\"https:\/\/archivorec.ar\/wp-content\/uploads\/2025\/07\/Captura-2-1-150x150.jpg\" class=\"attachment-thumbnail size-thumbnail wp-post-image\" alt=\"\" style=\"max-width:150px;max-height:150px;\" \/><\/div><a class=\"wp-block-latest-posts__post-title\" href=\"https:\/\/archivorec.ar\/?p=506\">Nota | &#8220;Antenas de lo nuevo. Ya est\u00e1 disponible en la Red el Archivo de Revistas Culturales de C\u00f3rdoba&#8221; [La Naci\u00f3n]<\/a><time datetime=\"2025-07-21T14:42:37-03:00\" class=\"wp-block-latest-posts__post-date\">21\/07\/2025<\/time><div class=\"wp-block-latest-posts__post-excerpt\">Nota de Daniel Gigena sobre el lanzamiento del ReC, para La Naci\u00f3n (Cultura)<\/div><\/li>\n<li><div class=\"wp-block-latest-posts__featured-image alignright\"><img loading=\"lazy\" decoding=\"async\" width=\"150\" height=\"150\" src=\"https:\/\/archivorec.ar\/wp-content\/uploads\/2025\/07\/Captura-150x150.jpg\" class=\"attachment-thumbnail size-thumbnail wp-post-image\" alt=\"\" style=\"max-width:150px;max-height:150px;\" \/><\/div><a class=\"wp-block-latest-posts__post-title\" href=\"https:\/\/archivorec.ar\/?p=501\">Entrevista | &#8220;Memorias digitales de lecturas ef\u00edmeras&#8221; [Tierra Media]<\/a><time datetime=\"2025-07-10T16:01:42-03:00\" class=\"wp-block-latest-posts__post-date\">10\/07\/2025<\/time><div class=\"wp-block-latest-posts__post-excerpt\">Entrevista a Diego Vigna sobre el lanzamiento del ReC. A cargo de Gabriel \u00c1balos, para la revista Tierra Media<\/div><\/li>\n<li><div class=\"wp-block-latest-posts__featured-image alignright\"><img loading=\"lazy\" decoding=\"async\" width=\"150\" height=\"150\" src=\"https:\/\/archivorec.ar\/wp-content\/uploads\/2025\/07\/WhatsApp-Image-2025-07-03-at-14.20.26-150x150.jpeg\" class=\"attachment-thumbnail size-thumbnail wp-post-image\" alt=\"\" style=\"max-width:150px;max-height:150px;\" \/><\/div><a class=\"wp-block-latest-posts__post-title\" href=\"https:\/\/archivorec.ar\/?p=494\">Entrevista | &#8220;Diego Vigna sobre el Archivo de Revistas Culturales de C\u00f3rdoba&#8221; [Otro Siglo]<\/a><time datetime=\"2025-07-08T10:45:43-03:00\" class=\"wp-block-latest-posts__post-date\">08\/07\/2025<\/time><div class=\"wp-block-latest-posts__post-excerpt\">Entrevista a Diego Vigna en Otro Siglo (PARK), programa radial conducido por Camila Arg\u00fcello y Catalina Caramuti<\/div><\/li>\n<li><div class=\"wp-block-latest-posts__featured-image alignright\"><img loading=\"lazy\" decoding=\"async\" width=\"150\" height=\"150\" src=\"https:\/\/archivorec.ar\/wp-content\/uploads\/2025\/07\/La-Voz-150x150.jpg\" class=\"attachment-thumbnail size-thumbnail wp-post-image\" alt=\"\" style=\"max-width:150px;max-height:150px;\" \/><\/div><a class=\"wp-block-latest-posts__post-title\" href=\"https:\/\/archivorec.ar\/?p=489\">Nota | &#8220;Archivo. Lanzaron un sitio que preserva las revistas culturales de C\u00f3rdoba&#8221; [La Voz del Interior]<\/a><time datetime=\"2025-07-08T10:38:19-03:00\" class=\"wp-block-latest-posts__post-date\">08\/07\/2025<\/time><div class=\"wp-block-latest-posts__post-excerpt\">Nota de Juliana Rodr\u00edguez Salvador sobre el lanzamiento del ReC <\/div><\/li>\n<li><div class=\"wp-block-latest-posts__featured-image alignright\"><img loading=\"lazy\" decoding=\"async\" width=\"150\" height=\"150\" src=\"https:\/\/archivorec.ar\/wp-content\/uploads\/2025\/07\/El-resaltador-1-150x150.jpg\" class=\"attachment-thumbnail size-thumbnail wp-post-image\" alt=\"\" style=\"max-width:150px;max-height:150px;\" \/><\/div><a class=\"wp-block-latest-posts__post-title\" href=\"https:\/\/archivorec.ar\/?p=486\">Nota | &#8220;Nace el Archivo de Revistas Culturales de C\u00f3rdoba&#8221; [El Resaltador]<\/a><time datetime=\"2025-07-08T10:33:53-03:00\" class=\"wp-block-latest-posts__post-date\">08\/07\/2025<\/time><div class=\"wp-block-latest-posts__post-excerpt\">Nota de Agustina Bortolon sobre el lanzamiento del ReC <\/div><\/li>\n<li><div class=\"wp-block-latest-posts__featured-image alignright\"><img loading=\"lazy\" decoding=\"async\" width=\"150\" height=\"150\" src=\"https:\/\/archivorec.ar\/wp-content\/uploads\/2025\/07\/collage_de_revistas_culturales_de_cordoba_nota_web-150x150.png\" class=\"attachment-thumbnail size-thumbnail wp-post-image\" alt=\"\" style=\"max-width:150px;max-height:150px;\" \/><\/div><a class=\"wp-block-latest-posts__post-title\" href=\"https:\/\/archivorec.ar\/?p=474\">Nota | Presentaci\u00f3n del ReC en la Facultad de Ciencias Sociales<\/a><time datetime=\"2025-07-08T10:24:38-03:00\" class=\"wp-block-latest-posts__post-date\">08\/07\/2025<\/time><div class=\"wp-block-latest-posts__post-excerpt\">Presentaci\u00f3n del ReC en la Facultad de Ciencias Sociales (UNC) <\/div><\/li>\n<li><div class=\"wp-block-latest-posts__featured-image alignright\"><img loading=\"lazy\" decoding=\"async\" width=\"136\" height=\"93\" src=\"https:\/\/archivorec.ar\/wp-content\/uploads\/2025\/07\/Proximas-incorporaciones.jpg\" class=\"attachment-thumbnail size-thumbnail wp-post-image\" alt=\"\" style=\"max-width:150px;max-height:150px;\" \/><\/div><a class=\"wp-block-latest-posts__post-title\" href=\"https:\/\/archivorec.ar\/?p=388\">Pr\u00f3ximas incorporaciones<\/a><time datetime=\"2025-06-17T11:24:18-03:00\" class=\"wp-block-latest-posts__post-date\">17\/06\/2025<\/time><div class=\"wp-block-latest-posts__post-excerpt\">Detalle de las pr\u00f3ximas revistas que se completar\u00e1n y sumar\u00e1n al ReC, adem\u00e1s de nuevas entrevistas.<\/div><\/li>\n<\/ul>\n\n\n<p><\/p>\n","protected":false},"excerpt":{"rendered":"","protected":false},"author":1,"featured_media":0,"parent":0,"menu_order":0,"comment_status":"closed","ping_status":"closed","template":"","meta":{"footnotes":""},"class_list":["post-377","page","type-page","status-publish","hentry"],"_links":{"self":[{"href":"https:\/\/archivorec.ar\/index.php?rest_route=\/wp\/v2\/pages\/377","targetHints":{"allow":["GET"]}}],"collection":[{"href":"https:\/\/archivorec.ar\/index.php?rest_route=\/wp\/v2\/pages"}],"about":[{"href":"https:\/\/archivorec.ar\/index.php?rest_route=\/wp\/v2\/types\/page"}],"author":[{"embeddable":true,"href":"https:\/\/archivorec.ar\/index.php?rest_route=\/wp\/v2\/users\/1"}],"replies":[{"embeddable":true,"href":"https:\/\/archivorec.ar\/index.php?rest_route=%2Fwp%2Fv2%2Fcomments&post=377"}],"version-history":[{"count":12,"href":"https:\/\/archivorec.ar\/index.php?rest_route=\/wp\/v2\/pages\/377\/revisions"}],"predecessor-version":[{"id":464,"href":"https:\/\/archivorec.ar\/index.php?rest_route=\/wp\/v2\/pages\/377\/revisions\/464"}],"wp:attachment":[{"href":"https:\/\/archivorec.ar\/index.php?rest_route=%2Fwp%2Fv2%2Fmedia&parent=377"}],"curies":[{"name":"wp","href":"https:\/\/api.w.org\/{rel}","templated":true}]}}